{"id":415,"date":"2019-07-16T10:41:50","date_gmt":"2019-07-16T08:41:50","guid":{"rendered":"https:\/\/elperich.com\/masiets-perich\/"},"modified":"2025-03-31T13:29:03","modified_gmt":"2025-03-31T11:29:03","slug":"crianza-y-engorde-de-ternera-y-buey","status":"publish","type":"page","link":"https:\/\/elperich.com\/es\/crianza-y-engorde-de-ternera-y-buey\/","title":{"rendered":"Masiets &#038; Perich"},"content":{"rendered":"","protected":false},"excerpt":{"rendered":"","protected":false},"author":2,"featured_media":0,"parent":0,"menu_order":0,"comment_status":"closed","ping_status":"closed","template":"","meta":{"inline_featured_image":false,"footnotes":""},"class_list":["post-415","page","type-page","status-publish","hentry"],"yoast_head":"<!-- This site is optimized with the Yoast SEO plugin v27.3 - https:\/\/yoast.com\/product\/yoast-seo-wordpress\/ -->\n<title>Crianza y engorde de ternera y buey &#8212; Masiets &amp; Perich<\/title>\n<meta name=\"description\" content=\"Nuestro proyecto se basa en la crianza y engorde de ternera y buey, as\u00ed como tambi\u00e9n la comercializaci\u00f3n en lotes de carne ecol\u00f3gica y de proximidad.\" \/>\n<meta name=\"robots\" content=\"index, follow, max-snippet:-1, max-image-preview:large, max-video-preview:-1\" \/>\n<link rel=\"canonical\" href=\"https:\/\/elperich.com\/es\/crianza-y-engorde-de-ternera-y-buey\/\" \/>\n<meta property=\"og:locale\" content=\"es_ES\" \/>\n<meta property=\"og:type\" content=\"article\" \/>\n<meta property=\"og:title\" content=\"Crianza y engorde de ternera y buey &#8212; Masiets &amp; Perich\" \/>\n<meta property=\"og:description\" content=\"Nuestro proyecto se basa en la crianza y engorde de ternera y buey, as\u00ed como tambi\u00e9n la comercializaci\u00f3n en lotes de carne ecol\u00f3gica y de proximidad.\" \/>\n<meta property=\"og:url\" content=\"https:\/\/elperich.com\/es\/crianza-y-engorde-de-ternera-y-buey\/\" \/>\n<meta property=\"og:site_name\" content=\"Masiets &amp; Perich\" \/>\n<meta property=\"article:publisher\" content=\"https:\/\/www.facebook.com\/Masiets-Perich-325794948086219\/\" \/>\n<meta property=\"article:modified_time\" content=\"2025-03-31T11:29:03+00:00\" \/>\n<meta name=\"twitter:card\" content=\"summary_large_image\" \/>\n<script type=\"application\/ld+json\" class=\"yoast-schema-graph\">{\"@context\":\"https:\\\/\\\/schema.org\",\"@graph\":[{\"@type\":\"WebPage\",\"@id\":\"https:\\\/\\\/elperich.com\\\/es\\\/crianza-y-engorde-de-ternera-y-buey\\\/\",\"url\":\"https:\\\/\\\/elperich.com\\\/es\\\/crianza-y-engorde-de-ternera-y-buey\\\/\",\"name\":\"Crianza y engorde de ternera y buey &#8212; Masiets &amp; Perich\",\"isPartOf\":{\"@id\":\"https:\\\/\\\/elperich.com\\\/es\\\/#website\"},\"datePublished\":\"2019-07-16T08:41:50+00:00\",\"dateModified\":\"2025-03-31T11:29:03+00:00\",\"description\":\"Nuestro proyecto se basa en la crianza y engorde de ternera y buey, as\u00ed como tambi\u00e9n la comercializaci\u00f3n en lotes de carne ecol\u00f3gica y de proximidad.\",\"breadcrumb\":{\"@id\":\"https:\\\/\\\/elperich.com\\\/es\\\/crianza-y-engorde-de-ternera-y-buey\\\/#breadcrumb\"},\"inLanguage\":\"es-ES\",\"potentialAction\":[{\"@type\":\"ReadAction\",\"target\":[\"https:\\\/\\\/elperich.com\\\/es\\\/crianza-y-engorde-de-ternera-y-buey\\\/\"]}]},{\"@type\":\"BreadcrumbList\",\"@id\":\"https:\\\/\\\/elperich.com\\\/es\\\/crianza-y-engorde-de-ternera-y-buey\\\/#breadcrumb\",\"itemListElement\":[{\"@type\":\"ListItem\",\"position\":1,\"name\":\"Portada\",\"item\":\"https:\\\/\\\/elperich.com\\\/es\\\/\"},{\"@type\":\"ListItem\",\"position\":2,\"name\":\"Masiets &#038; Perich\"}]},{\"@type\":\"WebSite\",\"@id\":\"https:\\\/\\\/elperich.com\\\/es\\\/#website\",\"url\":\"https:\\\/\\\/elperich.com\\\/es\\\/\",\"name\":\"Masiets &amp; Perich\",\"description\":\"Crian\u00e7a i venda directe de carn de bou i vedella\",\"potentialAction\":[{\"@type\":\"SearchAction\",\"target\":{\"@type\":\"EntryPoint\",\"urlTemplate\":\"https:\\\/\\\/elperich.com\\\/es\\\/?s={search_term_string}\"},\"query-input\":{\"@type\":\"PropertyValueSpecification\",\"valueRequired\":true,\"valueName\":\"search_term_string\"}}],\"inLanguage\":\"es-ES\"}]}<\/script>\n<!-- \/ Yoast SEO plugin. -->","yoast_head_json":{"title":"Crianza y engorde de ternera y buey &#8212; Masiets &amp; Perich","description":"Nuestro proyecto se basa en la crianza y engorde de ternera y buey, as\u00ed como tambi\u00e9n la comercializaci\u00f3n en lotes de carne ecol\u00f3gica y de proximidad.","robots":{"index":"index","follow":"follow","max-snippet":"max-snippet:-1","max-image-preview":"max-image-preview:large","max-video-preview":"max-video-preview:-1"},"canonical":"https:\/\/elperich.com\/es\/crianza-y-engorde-de-ternera-y-buey\/","og_locale":"es_ES","og_type":"article","og_title":"Crianza y engorde de ternera y buey &#8212; Masiets &amp; Perich","og_description":"Nuestro proyecto se basa en la crianza y engorde de ternera y buey, as\u00ed como tambi\u00e9n la comercializaci\u00f3n en lotes de carne ecol\u00f3gica y de proximidad.","og_url":"https:\/\/elperich.com\/es\/crianza-y-engorde-de-ternera-y-buey\/","og_site_name":"Masiets &amp; Perich","article_publisher":"https:\/\/www.facebook.com\/Masiets-Perich-325794948086219\/","article_modified_time":"2025-03-31T11:29:03+00:00","twitter_card":"summary_large_image","schema":{"@context":"https:\/\/schema.org","@graph":[{"@type":"WebPage","@id":"https:\/\/elperich.com\/es\/crianza-y-engorde-de-ternera-y-buey\/","url":"https:\/\/elperich.com\/es\/crianza-y-engorde-de-ternera-y-buey\/","name":"Crianza y engorde de ternera y buey &#8212; Masiets &amp; Perich","isPartOf":{"@id":"https:\/\/elperich.com\/es\/#website"},"datePublished":"2019-07-16T08:41:50+00:00","dateModified":"2025-03-31T11:29:03+00:00","description":"Nuestro proyecto se basa en la crianza y engorde de ternera y buey, as\u00ed como tambi\u00e9n la comercializaci\u00f3n en lotes de carne ecol\u00f3gica y de proximidad.","breadcrumb":{"@id":"https:\/\/elperich.com\/es\/crianza-y-engorde-de-ternera-y-buey\/#breadcrumb"},"inLanguage":"es-ES","potentialAction":[{"@type":"ReadAction","target":["https:\/\/elperich.com\/es\/crianza-y-engorde-de-ternera-y-buey\/"]}]},{"@type":"BreadcrumbList","@id":"https:\/\/elperich.com\/es\/crianza-y-engorde-de-ternera-y-buey\/#breadcrumb","itemListElement":[{"@type":"ListItem","position":1,"name":"Portada","item":"https:\/\/elperich.com\/es\/"},{"@type":"ListItem","position":2,"name":"Masiets &#038; Perich"}]},{"@type":"WebSite","@id":"https:\/\/elperich.com\/es\/#website","url":"https:\/\/elperich.com\/es\/","name":"Masiets &amp; Perich","description":"Crian\u00e7a i venda directe de carn de bou i vedella","potentialAction":[{"@type":"SearchAction","target":{"@type":"EntryPoint","urlTemplate":"https:\/\/elperich.com\/es\/?s={search_term_string}"},"query-input":{"@type":"PropertyValueSpecification","valueRequired":true,"valueName":"search_term_string"}}],"inLanguage":"es-ES"}]}},"_links":{"self":[{"href":"https:\/\/elperich.com\/es\/wp-json\/wp\/v2\/pages\/415","targetHints":{"allow":["GET"]}}],"collection":[{"href":"https:\/\/elperich.com\/es\/wp-json\/wp\/v2\/pages"}],"about":[{"href":"https:\/\/elperich.com\/es\/wp-json\/wp\/v2\/types\/page"}],"author":[{"embeddable":true,"href":"https:\/\/elperich.com\/es\/wp-json\/wp\/v2\/users\/2"}],"replies":[{"embeddable":true,"href":"https:\/\/elperich.com\/es\/wp-json\/wp\/v2\/comments?post=415"}],"version-history":[{"count":1,"href":"https:\/\/elperich.com\/es\/wp-json\/wp\/v2\/pages\/415\/revisions"}],"predecessor-version":[{"id":416,"href":"https:\/\/elperich.com\/es\/wp-json\/wp\/v2\/pages\/415\/revisions\/416"}],"wp:attachment":[{"href":"https:\/\/elperich.com\/es\/wp-json\/wp\/v2\/media?parent=415"}],"curies":[{"name":"wp","href":"https:\/\/api.w.org\/{rel}","templated":true}]}}