{"id":413,"date":"2019-07-16T10:19:16","date_gmt":"2019-07-16T08:19:16","guid":{"rendered":"https:\/\/elperich.com\/ganaderia-ecologica-y-de-proximidad\/"},"modified":"2025-03-31T15:39:03","modified_gmt":"2025-03-31T13:39:03","slug":"ganaderia-ecologica-y-de-proximidad","status":"publish","type":"page","link":"https:\/\/elperich.com\/es\/","title":{"rendered":"Cr\u00eda y venta directa de ternera, buey y pollo"},"content":{"rendered":"","protected":false},"excerpt":{"rendered":"","protected":false},"author":2,"featured_media":0,"parent":0,"menu_order":0,"comment_status":"closed","ping_status":"closed","template":"","meta":{"inline_featured_image":false,"footnotes":""},"class_list":["post-413","page","type-page","status-publish","hentry"],"yoast_head":"<!-- This site is optimized with the Yoast SEO plugin v27.4 - https:\/\/yoast.com\/product\/yoast-seo-wordpress\/ -->\n<title>Cr\u00eda y venta directa de ternera, buey y pollo &#8212; Masiets &amp; Perich<\/title>\n<meta name=\"description\" content=\"Cr\u00eda y venta directa de ternera y buey. Tradici\u00f3n ganadera desde 1960. Pasi\u00f3n, respeto, tradici\u00f3n y modernidad.\" \/>\n<meta name=\"robots\" content=\"index, follow, max-snippet:-1, max-image-preview:large, max-video-preview:-1\" \/>\n<link rel=\"canonical\" href=\"https:\/\/elperich.com\/es\/\" \/>\n<meta property=\"og:locale\" content=\"es_ES\" \/>\n<meta property=\"og:type\" content=\"article\" \/>\n<meta property=\"og:title\" content=\"Cr\u00eda y venta directa de ternera, buey y pollo &#8212; Masiets &amp; Perich\" \/>\n<meta property=\"og:description\" content=\"Cr\u00eda y venta directa de ternera y buey. Tradici\u00f3n ganadera desde 1960. Pasi\u00f3n, respeto, tradici\u00f3n y modernidad.\" \/>\n<meta property=\"og:url\" content=\"https:\/\/elperich.com\/es\/\" \/>\n<meta property=\"og:site_name\" content=\"Masiets &amp; Perich\" \/>\n<meta property=\"article:publisher\" content=\"https:\/\/www.facebook.com\/Masiets-Perich-325794948086219\/\" \/>\n<meta property=\"article:modified_time\" content=\"2025-03-31T13:39:03+00:00\" \/>\n<meta name=\"twitter:card\" content=\"summary_large_image\" \/>\n<script type=\"application\/ld+json\" class=\"yoast-schema-graph\">{\"@context\":\"https:\\\/\\\/schema.org\",\"@graph\":[{\"@type\":\"WebPage\",\"@id\":\"https:\\\/\\\/elperich.com\\\/es\\\/\",\"url\":\"https:\\\/\\\/elperich.com\\\/es\\\/\",\"name\":\"Cr\u00eda y venta directa de ternera, buey y pollo &#8212; Masiets &amp; Perich\",\"isPartOf\":{\"@id\":\"https:\\\/\\\/elperich.com\\\/es\\\/#website\"},\"datePublished\":\"2019-07-16T08:19:16+00:00\",\"dateModified\":\"2025-03-31T13:39:03+00:00\",\"description\":\"Cr\u00eda y venta directa de ternera y buey. Tradici\u00f3n ganadera desde 1960. Pasi\u00f3n, respeto, tradici\u00f3n y modernidad.\",\"breadcrumb\":{\"@id\":\"https:\\\/\\\/elperich.com\\\/es\\\/#breadcrumb\"},\"inLanguage\":\"es-ES\",\"potentialAction\":[{\"@type\":\"ReadAction\",\"target\":[\"https:\\\/\\\/elperich.com\\\/es\\\/\"]}]},{\"@type\":\"BreadcrumbList\",\"@id\":\"https:\\\/\\\/elperich.com\\\/es\\\/#breadcrumb\",\"itemListElement\":[{\"@type\":\"ListItem\",\"position\":1,\"name\":\"Portada\",\"item\":\"https:\\\/\\\/elperich.com\\\/es\\\/\"},{\"@type\":\"ListItem\",\"position\":2,\"name\":\"Cr\u00eda y venta directa de ternera, buey y pollo\"}]},{\"@type\":\"WebSite\",\"@id\":\"https:\\\/\\\/elperich.com\\\/es\\\/#website\",\"url\":\"https:\\\/\\\/elperich.com\\\/es\\\/\",\"name\":\"Masiets &amp; Perich\",\"description\":\"Crian\u00e7a i venda directe de carn de bou i vedella\",\"potentialAction\":[{\"@type\":\"SearchAction\",\"target\":{\"@type\":\"EntryPoint\",\"urlTemplate\":\"https:\\\/\\\/elperich.com\\\/es\\\/?s={search_term_string}\"},\"query-input\":{\"@type\":\"PropertyValueSpecification\",\"valueRequired\":true,\"valueName\":\"search_term_string\"}}],\"inLanguage\":\"es-ES\"}]}<\/script>\n<!-- \/ Yoast SEO plugin. -->","yoast_head_json":{"title":"Cr\u00eda y venta directa de ternera, buey y pollo &#8212; Masiets &amp; Perich","description":"Cr\u00eda y venta directa de ternera y buey. Tradici\u00f3n ganadera desde 1960. Pasi\u00f3n, respeto, tradici\u00f3n y modernidad.","robots":{"index":"index","follow":"follow","max-snippet":"max-snippet:-1","max-image-preview":"max-image-preview:large","max-video-preview":"max-video-preview:-1"},"canonical":"https:\/\/elperich.com\/es\/","og_locale":"es_ES","og_type":"article","og_title":"Cr\u00eda y venta directa de ternera, buey y pollo &#8212; Masiets &amp; Perich","og_description":"Cr\u00eda y venta directa de ternera y buey. Tradici\u00f3n ganadera desde 1960. Pasi\u00f3n, respeto, tradici\u00f3n y modernidad.","og_url":"https:\/\/elperich.com\/es\/","og_site_name":"Masiets &amp; Perich","article_publisher":"https:\/\/www.facebook.com\/Masiets-Perich-325794948086219\/","article_modified_time":"2025-03-31T13:39:03+00:00","twitter_card":"summary_large_image","schema":{"@context":"https:\/\/schema.org","@graph":[{"@type":"WebPage","@id":"https:\/\/elperich.com\/es\/","url":"https:\/\/elperich.com\/es\/","name":"Cr\u00eda y venta directa de ternera, buey y pollo &#8212; Masiets &amp; Perich","isPartOf":{"@id":"https:\/\/elperich.com\/es\/#website"},"datePublished":"2019-07-16T08:19:16+00:00","dateModified":"2025-03-31T13:39:03+00:00","description":"Cr\u00eda y venta directa de ternera y buey. Tradici\u00f3n ganadera desde 1960. Pasi\u00f3n, respeto, tradici\u00f3n y modernidad.","breadcrumb":{"@id":"https:\/\/elperich.com\/es\/#breadcrumb"},"inLanguage":"es-ES","potentialAction":[{"@type":"ReadAction","target":["https:\/\/elperich.com\/es\/"]}]},{"@type":"BreadcrumbList","@id":"https:\/\/elperich.com\/es\/#breadcrumb","itemListElement":[{"@type":"ListItem","position":1,"name":"Portada","item":"https:\/\/elperich.com\/es\/"},{"@type":"ListItem","position":2,"name":"Cr\u00eda y venta directa de ternera, buey y pollo"}]},{"@type":"WebSite","@id":"https:\/\/elperich.com\/es\/#website","url":"https:\/\/elperich.com\/es\/","name":"Masiets &amp; Perich","description":"Crian\u00e7a i venda directe de carn de bou i vedella","potentialAction":[{"@type":"SearchAction","target":{"@type":"EntryPoint","urlTemplate":"https:\/\/elperich.com\/es\/?s={search_term_string}"},"query-input":{"@type":"PropertyValueSpecification","valueRequired":true,"valueName":"search_term_string"}}],"inLanguage":"es-ES"}]}},"_links":{"self":[{"href":"https:\/\/elperich.com\/es\/wp-json\/wp\/v2\/pages\/413","targetHints":{"allow":["GET"]}}],"collection":[{"href":"https:\/\/elperich.com\/es\/wp-json\/wp\/v2\/pages"}],"about":[{"href":"https:\/\/elperich.com\/es\/wp-json\/wp\/v2\/types\/page"}],"author":[{"embeddable":true,"href":"https:\/\/elperich.com\/es\/wp-json\/wp\/v2\/users\/2"}],"replies":[{"embeddable":true,"href":"https:\/\/elperich.com\/es\/wp-json\/wp\/v2\/comments?post=413"}],"version-history":[{"count":2,"href":"https:\/\/elperich.com\/es\/wp-json\/wp\/v2\/pages\/413\/revisions"}],"predecessor-version":[{"id":464,"href":"https:\/\/elperich.com\/es\/wp-json\/wp\/v2\/pages\/413\/revisions\/464"}],"wp:attachment":[{"href":"https:\/\/elperich.com\/es\/wp-json\/wp\/v2\/media?parent=413"}],"curies":[{"name":"wp","href":"https:\/\/api.w.org\/{rel}","templated":true}]}}